{"id":514,"date":"2016-02-17T17:23:19","date_gmt":"2016-02-17T17:23:19","guid":{"rendered":"http:\/\/demowp.cththemes.net\/monolit\/?page_id=7"},"modified":"2020-07-06T21:53:24","modified_gmt":"2020-07-06T19:53:24","slug":"home-image","status":"publish","type":"page","link":"https:\/\/hv-archi.com\/","title":{"rendered":"L&#8217;HOMME VOLANT &#8211; Home"},"content":{"rendered":"<p>[vc_row full_width=&#8221;stretch_row&#8221; cth_layout=&#8221;monolit_fullheight_sec&#8221;][vc_column css=&#8221;.vc_custom_1594065116028{padding-right: 0px !important;padding-left: 0px !important;background-color: #507779 !important;}&#8221;][monolit_home_image bgimg=&#8221;10&#8243;]<\/p>\n<h2>L&#8217;HOMME VOLANT<\/h2>\n<h3>Societe D&#8217;Architecture S.R.L.<\/h3>\n<p>[\/monolit_home_image][\/vc_column][\/vc_row][vc_row cth_layout=&#8221;monolit_page_sec&#8221; sec_number=&#8221;01&#8243; el_id=&#8221;sec1&#8243; css=&#8221;.vc_custom_1594042588154{background-color: #ffffff !important;}&#8221;][vc_column offset=&#8221;vc_col-md-4&#8243;][monolit_carousel_slider_multiimgs autoheight=&#8221;no&#8221; autowidth=&#8221;yes&#8221; dots=&#8221;no&#8221; box_pos=&#8221;center&#8221; img_size=&#8221;full&#8221; slideimages=&#8221;596&#8243;][\/vc_column][vc_column offset=&#8221;vc_col-md-8&#8243;][vc_column_text]<\/p>\n<h2 class=\"section-title\">Presentazione<\/h2>\n<p>L&#8217;Homme Volant societ\u00e0 di architettura S.R.L. Fondata nel gennaio 2007, \u00e8 composta da due architetti associati: Silvia Ranalletta, iscritta all&#8217;Ordine degli Architetti di Roma con il numero 17724 e Franck Kuntz, architetto DPLG iscritto all&#8217;Ordine degli Architetti di Roma con il numero 17781 e iscritta all&#8217;Ordine degli Architetti dell&#8217;Alsazia con il numero regionale 01084 (numero nazionale 071373.<\/p>\n<p class=\"no-rep\">Operiamo su tutto il territorio nazionale attraverso un servizio rapido e professionale. Siamo al tuo fianco ogni momento della progettazione per rispondere alle tue esigenze.<\/p>\n<div class=\"process-box\"><\/div>\n<div><\/div>\n<p>[\/vc_column_text][\/vc_column][\/vc_row][vc_row cth_layout=&#8221;monolit_page_sec&#8221; css=&#8221;.vc_custom_1594042613242{padding-top: 80px !important;background-color: #ffffff !important;}&#8221; el_id=&#8221;Competenze&#8221;][vc_column width=&#8221;1\/4&#8243; css=&#8221;.vc_custom_1594038337413{padding-left: 80px !important;}&#8221;][monolit_parallax_box]<\/p>\n<p>&nbsp;<\/p>\n<p style=\"text-align: center;\"><img loading=\"lazy\" class=\"wp-image-624 alignright\" src=\"http:\/\/hv-archi.com\/wp-content\/uploads\/2020\/07\/comp-300x62.png\" alt=\"\" width=\"208\" height=\"43\" srcset=\"https:\/\/hv-archi.com\/wp-content\/uploads\/2020\/07\/comp-300x62.png 300w, https:\/\/hv-archi.com\/wp-content\/uploads\/2020\/07\/comp.png 394w\" sizes=\"(max-width: 208px) 100vw, 208px\" \/><\/p>\n<p>[\/monolit_parallax_box][\/vc_column][vc_column width=&#8221;3\/4&#8243; css=&#8221;.vc_custom_1593988635054{padding-right: 85px !important;}&#8221;][vc_column_text]<\/p>\n<h4><strong>Un architetto, perch\u00e9?<\/strong><\/h4>\n<p>&nbsp;<\/p>\n<p>Un architetto \u00e8 un professionista che vi segue nel vostro progetto immobiliare qualunque esso sia: stima, diagnosi, ideazione di un progetto, trasformazioni edilizie, arredamento, allestimenti temporanei, ristrutturazione, acquisto, etc&#8230; con particolare attenzione alle vostre esigenze, ai vostri gusti, alle vostre necessit\u00e0 tecniche e alle vostre possibilit\u00e0 finanziarie.<\/p>\n<p>&nbsp;<\/p>\n<p>Il ruolo del vostro architetto \u00e8 prima di tutto di ascoltarvi. A partire dai <strong>vostri bisogni<\/strong>, dai <strong>vostri gusti<\/strong>, dal vostro modo di vivere, dall\u2019evoluzione possibile della vostra famiglia o della vostra impresa, l\u2019architetto vi aiuta a definire il vostro progetto: disposizione del luogo, dell\u2019utilizzo migliore delle superfici, sistemazione dei volumi interni,dell\u2019aspetto esterno, dell\u2019aspetto tecnico ed amministrativo (CIL, CILA, SCIA).<\/p>\n<p>Il vostro architetto vi propone un progetto compatibile con le <strong>vostre possibilit\u00e0 finanziarie<\/strong>. In seguito sar\u00e0, il vostro mediatore con le ditte affinch\u00e9 possiate beneficiare di una realizzazione di qualit\u00e0 alle migliori condizioni di prezzo.<\/p>\n<p>Il vostro architetto vi accompagna nel vostro progetto tennado conto delle vostre scelte estetiche, organizzative, dei vostri bisogni. Per questo, vostro architetto vi consiglia sulle tecniche e materiali adhoc.<\/p>\n<p>Durante i lavori, l\u2019architetto verifica per conto vostro la qualit\u00e0 dei materiali utilizzati, la loro ottimale messa in opera e il rispetto degli accordi presi con la ditta di costruzioni.<\/p>\n<p>La responsabilit\u00e0 dell\u2019architetto nei confronti del cliente non si ferma con la progettazione, ma prosegue per tutto il corso del processo cotruttivo: dall\u2019ideazione alla completa realizzazione, svolgendo il ruolo prima di progettista e poi di direttore dei lavori.<\/p>\n<p>&nbsp;<\/p>\n<p>La nostra societ\u00e0 mette a vostra disposizione le sue competenze:<\/p>\n<ul>\n<li>Diagnosi delle condizioni generali di un edificio;<\/li>\n<li>Rilievi architettonici;<\/li>\n<li>Progettazione preliminare, definitiva ed esecutiva;<\/li>\n<li>Progettazione antincendio;<\/li>\n<li>Coordinatore per la sicurezza;<\/li>\n<li>Direzione lavori;<\/li>\n<li>Pratiche amministrative: CIL, CILA, SCIA, visure catastali, accatastamenti, APE, ASL, ecc&#8230;<\/li>\n<\/ul>\n<p>[\/vc_column_text][\/vc_column][\/vc_row][vc_row cth_layout=&#8221;monolit_page_sec&#8221; sec_number=&#8221;02&#8243; el_id=&#8221;sec4&#8243;][vc_column][vc_column_text css=&#8221;.vc_custom_1594042751393{padding-right: 60px !important;}&#8221;]<\/p>\n<h2 class=\"section-title algn-right dec-title\">SEZIONI<\/h2>\n<p>[\/vc_column_text][monolit_portfolios_parallax show_cat=&#8221;no&#8221; view_all_link=&#8221;&#8221; ids=&#8221;722,647,697,713&#8243;][\/vc_column][\/vc_row]<\/p>\n","protected":false},"excerpt":{"rendered":"<p>[vc_row full_width=&#8221;stretch_row&#8221; cth_layout=&#8221;monolit_fullheight_sec&#8221;][vc_column css=&#8221;.vc_custom_1594065116028{padding-right: 0px !important;padding-left: 0px !important;background-color: #507779 !important;}&#8221;][monolit_home_image bgimg=&#8221;10&#8243;] L&#8217;HOMME VOLANT Societe D&#8217;Architecture S.R.L. [\/monolit_home_image][\/vc_column][\/vc_row][vc_row cth_layout=&#8221;monolit_page_sec&#8221; sec_number=&#8221;01&#8243; el_id=&#8221;sec1&#8243; css=&#8221;.vc_custom_1594042588154{background-color: #ffffff !important;}&#8221;][vc_column offset=&#8221;vc_col-md-4&#8243;][monolit_carousel_slider_multiimgs autoheight=&#8221;no&#8221; autowidth=&#8221;yes&#8221; dots=&#8221;no&#8221; box_pos=&#8221;center&#8221; img_size=&#8221;full&#8221; slideimages=&#8221;596&#8243;][\/vc_column][vc_column offset=&#8221;vc_col-md-8&#8243;][vc_column_text] Presentazione L&#8217;Homme Volant societ\u00e0 di architettura S.R.L. Fondata nel gennaio 2007, \u00e8 composta da due architetti associati: Silvia Ranalletta, iscritta all&#8217;Ordine degli Architetti di [&hellip;]<\/p>\n","protected":false},"author":1,"featured_media":0,"parent":0,"menu_order":0,"comment_status":"closed","ping_status":"closed","template":"homepage.php","meta":[],"_links":{"self":[{"href":"https:\/\/hv-archi.com\/index.php\/wp-json\/wp\/v2\/pages\/514"}],"collection":[{"href":"https:\/\/hv-archi.com\/index.php\/wp-json\/wp\/v2\/pages"}],"about":[{"href":"https:\/\/hv-archi.com\/index.php\/wp-json\/wp\/v2\/types\/page"}],"author":[{"embeddable":true,"href":"https:\/\/hv-archi.com\/index.php\/wp-json\/wp\/v2\/users\/1"}],"replies":[{"embeddable":true,"href":"https:\/\/hv-archi.com\/index.php\/wp-json\/wp\/v2\/comments?post=514"}],"version-history":[{"count":137,"href":"https:\/\/hv-archi.com\/index.php\/wp-json\/wp\/v2\/pages\/514\/revisions"}],"predecessor-version":[{"id":755,"href":"https:\/\/hv-archi.com\/index.php\/wp-json\/wp\/v2\/pages\/514\/revisions\/755"}],"wp:attachment":[{"href":"https:\/\/hv-archi.com\/index.php\/wp-json\/wp\/v2\/media?parent=514"}],"curies":[{"name":"wp","href":"https:\/\/api.w.org\/{rel}","templated":true}]}}